{"id":4,"date":"2023-07-21T11:33:38","date_gmt":"2023-07-21T11:33:38","guid":{"rendered":"https:\/\/caromatisch.de\/?page_id=4"},"modified":"2023-07-21T12:28:10","modified_gmt":"2023-07-21T12:28:10","slug":"willkommen-auf-https-caromatisch-de","status":"publish","type":"page","link":"https:\/\/caromatisch.de\/","title":{"rendered":"Willkommen bei Caromatisch"},"content":{"rendered":"\n<p>Hi, sch\u00f6n das du dich f\u00fcr meinen \u00f6kologischen Gem\u00fcsebau interessierst. Ich baue meine Webseite gerade um. Bald bekommst du hier wieder alle Infos und Neuigkeiten. Bis dahin, folge mir doch auf Instagram oder schick mir eine Mail an <a href=\"mailto:info@caromatisch.de\" target=\"_blank\" rel=\"noreferrer noopener\">info@caromatisch.de<\/a>.<\/p>\n\n\n\n<p>Bis bald!<\/p>\n\n\n\n<div class=\"wp-block-buttons is-content-justification-left is-layout-flex wp-container-1\">\n<div class=\"wp-block-button is-style-fill\"><a class=\"wp-block-button__link wp-element-button\"><strong>Kontakt<\/strong><\/a><\/div>\n<\/div>\n\n\n\n<figure class=\"wp-block-image size-large\"><img decoding=\"async\" loading=\"lazy\" width=\"1024\" height=\"769\" src=\"https:\/\/caromatisch.de\/wp-content\/uploads\/2023\/07\/DSC07789-1024x769.jpg\" alt=\"\" class=\"wp-image-28\" srcset=\"https:\/\/caromatisch.de\/wp-content\/uploads\/2023\/07\/DSC07789-1024x769.jpg 1024w, https:\/\/caromatisch.de\/wp-content\/uploads\/2023\/07\/DSC07789-300x225.jpg 300w, https:\/\/caromatisch.de\/wp-content\/uploads\/2023\/07\/DSC07789-768x577.jpg 768w, https:\/\/caromatisch.de\/wp-content\/uploads\/2023\/07\/DSC07789-1140x856.jpg 1140w, https:\/\/caromatisch.de\/wp-content\/uploads\/2023\/07\/DSC07789.jpg 1280w\" sizes=\"(max-width: 1024px) 100vw, 1024px\" \/><\/figure>\n\n\n\n<ul class=\"wp-block-social-links is-layout-flex\"><\/ul>\n","protected":false},"excerpt":{"rendered":"<p>Hi, sch\u00f6n das du dich f\u00fcr meinen \u00f6kologischen Gem\u00fcsebau interessierst. Ich baue meine Webseite gerade um. Bald bekommst du hier wieder alle Infos und Neuigkeiten. Bis dahin, folge mir doch auf Instagram oder schick mir eine Mail an info@caromatisch.de. Bis bald!<\/p>\n","protected":false},"author":1,"featured_media":0,"parent":0,"menu_order":0,"comment_status":"closed","ping_status":"open","template":"","meta":[],"_links":{"self":[{"href":"https:\/\/caromatisch.de\/index.php?rest_route=\/wp\/v2\/pages\/4"}],"collection":[{"href":"https:\/\/caromatisch.de\/index.php?rest_route=\/wp\/v2\/pages"}],"about":[{"href":"https:\/\/caromatisch.de\/index.php?rest_route=\/wp\/v2\/types\/page"}],"author":[{"embeddable":true,"href":"https:\/\/caromatisch.de\/index.php?rest_route=\/wp\/v2\/users\/1"}],"replies":[{"embeddable":true,"href":"https:\/\/caromatisch.de\/index.php?rest_route=%2Fwp%2Fv2%2Fcomments&post=4"}],"version-history":[{"count":7,"href":"https:\/\/caromatisch.de\/index.php?rest_route=\/wp\/v2\/pages\/4\/revisions"}],"predecessor-version":[{"id":49,"href":"https:\/\/caromatisch.de\/index.php?rest_route=\/wp\/v2\/pages\/4\/revisions\/49"}],"wp:attachment":[{"href":"https:\/\/caromatisch.de\/index.php?rest_route=%2Fwp%2Fv2%2Fmedia&parent=4"}],"curies":[{"name":"wp","href":"https:\/\/api.w.org\/{rel}","templated":true}]}}